{"id":9427,"date":"2022-05-17T05:49:56","date_gmt":"2022-05-17T05:49:56","guid":{"rendered":"https:\/\/htmlgift.com\/medinik\/?page_id=4745"},"modified":"2023-12-28T18:23:42","modified_gmt":"2023-12-28T17:23:42","slug":"contact","status":"publish","type":"page","link":"https:\/\/gastropanama.net\/?page_id=9427","title":{"rendered":"Contact"},"content":{"rendered":"\t\t<div data-elementor-type=\"wp-page\" data-elementor-id=\"9427\" class=\"elementor elementor-9427\">\n\t\t\t\t\t\t<section class=\"elementor-section elementor-top-section elementor-element elementor-element-a518677 elementor-section-boxed elementor-section-height-default elementor-section-height-default\" data-id=\"a518677\" data-element_type=\"section\" data-settings=\"{&quot;background_background&quot;:&quot;slideshow&quot;,&quot;background_slideshow_gallery&quot;:[],&quot;background_slideshow_loop&quot;:&quot;yes&quot;,&quot;background_slideshow_slide_duration&quot;:5000,&quot;background_slideshow_slide_transition&quot;:&quot;fade&quot;,&quot;background_slideshow_transition_duration&quot;:500}\">\n\t\t\t\t\t\t\t<div class=\"elementor-background-overlay\"><\/div>\n\t\t\t\t\t\t\t<div class=\"elementor-container elementor-column-gap-default\">\n\t\t\t\t\t<div class=\"elementor-column elementor-col-50 elementor-top-column elementor-element elementor-element-f8bdac0\" data-id=\"f8bdac0\" data-element_type=\"column\">\n\t\t\t<div class=\"elementor-widget-wrap elementor-element-populated\">\n\t\t\t\t\t\t<div class=\"elementor-element elementor-element-8eb5e2a elementor-widget elementor-widget-google_maps\" data-id=\"8eb5e2a\" data-element_type=\"widget\" data-widget_type=\"google_maps.default\">\n\t\t\t\t<div class=\"elementor-widget-container\">\n\t\t\t<style>\/*! elementor - v3.19.0 - 07-02-2024 *\/\n.elementor-widget-google_maps .elementor-widget-container{overflow:hidden}.elementor-widget-google_maps .elementor-custom-embed{line-height:0}.elementor-widget-google_maps iframe{height:300px}<\/style>\t\t<div class=\"elementor-custom-embed\">\n\t\t\t<iframe loading=\"lazy\"\n\t\t\t\t\tsrc=\"https:\/\/maps.google.com\/maps?q=Consultorios%20M%C3%A9dicos%20Royal%20Center%2C%20Calle%2053%2C%20Marbella.&#038;t=m&#038;z=16&#038;output=embed&#038;iwloc=near\"\n\t\t\t\t\ttitle=\"Consultorios M\u00e9dicos Royal Center, Calle 53, Marbella.\"\n\t\t\t\t\taria-label=\"Consultorios M\u00e9dicos Royal Center, Calle 53, Marbella.\"\n\t\t\t><\/iframe>\n\t\t<\/div>\n\t\t\t\t<\/div>\n\t\t\t\t<\/div>\n\t\t\t\t\t<\/div>\n\t\t<\/div>\n\t\t\t\t<div class=\"elementor-column elementor-col-50 elementor-top-column elementor-element elementor-element-665b175\" data-id=\"665b175\" data-element_type=\"column\">\n\t\t\t<div class=\"elementor-widget-wrap elementor-element-populated\">\n\t\t\t\t\t\t<div class=\"elementor-element elementor-element-da31c04 elementor-widget elementor-widget-heading\" data-id=\"da31c04\" data-element_type=\"widget\" data-widget_type=\"heading.default\">\n\t\t\t\t<div class=\"elementor-widget-container\">\n\t\t\t<style>\/*! elementor - v3.19.0 - 07-02-2024 *\/\n.elementor-heading-title{padding:0;margin:0;line-height:1}.elementor-widget-heading .elementor-heading-title[class*=elementor-size-]>a{color:inherit;font-size:inherit;line-height:inherit}.elementor-widget-heading .elementor-heading-title.elementor-size-small{font-size:15px}.elementor-widget-heading .elementor-heading-title.elementor-size-medium{font-size:19px}.elementor-widget-heading .elementor-heading-title.elementor-size-large{font-size:29px}.elementor-widget-heading .elementor-heading-title.elementor-size-xl{font-size:39px}.elementor-widget-heading .elementor-heading-title.elementor-size-xxl{font-size:59px}<\/style><h2 class=\"elementor-heading-title elementor-size-default\">Por favor, no dudes en llamarnos o completar el formulario a continuaci\u00f3n. Nos comunicaremos contigo en breve. \u00a1Gracias!\"\n<\/h2>\t\t<\/div>\n\t\t\t\t<\/div>\n\t\t\t\t<div class=\"elementor-element elementor-element-6863f16 elementor-widget elementor-widget-heading\" data-id=\"6863f16\" data-element_type=\"widget\" data-widget_type=\"heading.default\">\n\t\t\t\t<div class=\"elementor-widget-container\">\n\t\t\t<h2 class=\"elementor-heading-title elementor-size-default\">\u00bfC\u00f3mo Podemos Ayudarte?<\/h2>\t\t<\/div>\n\t\t\t\t<\/div>\n\t\t\t\t<div class=\"elementor-element elementor-element-c037bcb textaria-magorment elementor-widget elementor-widget-shortcode\" data-id=\"c037bcb\" data-element_type=\"widget\" data-widget_type=\"shortcode.default\">\n\t\t\t\t<div class=\"elementor-widget-container\">\n\t\t\t\t\t<div class=\"elementor-shortcode\">\n<div class=\"wpcf7 no-js\" id=\"wpcf7-f815-o1\" lang=\"en-US\" dir=\"ltr\">\n<div class=\"screen-reader-response\"><p role=\"status\" aria-live=\"polite\" aria-atomic=\"true\"><\/p> <ul><\/ul><\/div>\n<form action=\"\/index.php?rest_route=%2Fwp%2Fv2%2Fpages%2F9427#wpcf7-f815-o1\" method=\"post\" class=\"wpcf7-form init\" aria-label=\"Contact form\" novalidate=\"novalidate\" data-status=\"init\">\n<div style=\"display: none;\">\n<input type=\"hidden\" name=\"_wpcf7\" value=\"815\" \/>\n<input type=\"hidden\" name=\"_wpcf7_version\" value=\"5.8.4\" \/>\n<input type=\"hidden\" name=\"_wpcf7_locale\" value=\"en_US\" \/>\n<input type=\"hidden\" name=\"_wpcf7_unit_tag\" value=\"wpcf7-f815-o1\" \/>\n<input type=\"hidden\" name=\"_wpcf7_container_post\" value=\"0\" \/>\n<input type=\"hidden\" name=\"_wpcf7_posted_data_hash\" value=\"\" \/>\n<\/div>\n<div class=\"row row-cols-sm-2 row-cols-1\" style=\"margin-top:-37px;\">\n <div class=\"col\">\n   <div class=\"inner-addon right-addon lable-form-all-color\">\n     <i class=\"glyphicon glyphicon-search ri-user-fill\"><\/i>\n    <span class=\"wpcf7-form-control-wrap\" data-name=\"Enteryourname\"><input size=\"40\" class=\"wpcf7-form-control wpcf7-text form-control lable-form-all\" aria-invalid=\"false\" placeholder=\"Introduce tu nombre\" value=\"\" type=\"text\" name=\"Enteryourname\" \/><\/span>\n  <\/div> <\/div>\n\n\n<div class=\"col contuct-7-secund\">\n   <div class=\"inner-addon right-addon lable-form-all-color\">\n     <i class=\"glyphicon glyphicon-search ri-mail-open-line\"><\/i>\n     <span class=\"wpcf7-form-control-wrap\" data-name=\"PhoneNo\"><input size=\"40\" class=\"wpcf7-form-control wpcf7-text form-control lable-form-all\" aria-invalid=\"false\" placeholder=\"N\u00famero de tel\u00e9fono\" value=\"\" type=\"text\" name=\"PhoneNo\" \/><\/span>\n  <\/div>\n <\/div>\n<\/div>\n\n\n\n<div class=\"row\" style=\"margin-top:1px;\">\n <div class=\"col-lg-12\">\n     <div class=\"inner-addon right-addon lable-form-all-color\">\n       <i class=\"glyphicon glyphicon-search ri-phone-line\"><\/i>\n       <span class=\"wpcf7-form-control-wrap\" data-name=\"EmailAddress\"><input size=\"40\" class=\"wpcf7-form-control wpcf7-email wpcf7-validates-as-required wpcf7-text wpcf7-validates-as-email form-control lable-form-all\" aria-required=\"true\" aria-invalid=\"false\" placeholder=\"Email\" value=\"\" type=\"email\" name=\"EmailAddress\" \/><\/span>\n      <\/div>\n  <\/div>\n<\/div>\n<div class=\"row rows-cols-1\">\n <div class=\"col\">\n     <div class=\"inner-addon right-addon lable-form-all-color main-message-area\">\n       <span class=\"wpcf7-form-control-wrap\" data-name=\"Message\"><textarea cols=\"40\" rows=\"10\" class=\"wpcf7-form-control wpcf7-textarea wpcf7-validates-as-required\" aria-required=\"true\" aria-invalid=\"false\" placeholder=\"Mensaje\" name=\"Message\"><\/textarea><\/span>\n      <\/div>\n  <\/div>\n<\/div>\n<div class=\"medinik3-from-button\">\n     <input class=\"wpcf7-form-control wpcf7-submit has-spinner btn btn-primary\" type=\"submit\" value=\"Enviar Mensaje\" \/>\n<\/div><div class=\"wpcf7-response-output\" aria-hidden=\"true\"><\/div>\n<\/form>\n<\/div>\n<\/div>\n\t\t\t\t<\/div>\n\t\t\t\t<\/div>\n\t\t\t\t\t<\/div>\n\t\t<\/div>\n\t\t\t\t\t<\/div>\n\t\t<\/section>\n\t\t\t\t<section class=\"elementor-section elementor-top-section elementor-element elementor-element-cd08c71 elementor-section-boxed elementor-section-height-default elementor-section-height-default\" data-id=\"cd08c71\" data-element_type=\"section\">\n\t\t\t\t\t\t<div class=\"elementor-container elementor-column-gap-default\">\n\t\t\t\t\t<div class=\"elementor-column elementor-col-50 elementor-top-column elementor-element elementor-element-dd84a97\" data-id=\"dd84a97\" data-element_type=\"column\">\n\t\t\t<div class=\"elementor-widget-wrap elementor-element-populated\">\n\t\t\t\t\t\t<section class=\"elementor-section elementor-inner-section elementor-element elementor-element-fe99bfd elementor-section-boxed elementor-section-height-default elementor-section-height-default\" data-id=\"fe99bfd\" data-element_type=\"section\">\n\t\t\t\t\t\t<div class=\"elementor-container elementor-column-gap-default\">\n\t\t\t\t\t<div class=\"elementor-column elementor-col-100 elementor-inner-column elementor-element elementor-element-686a0a9\" data-id=\"686a0a9\" data-element_type=\"column\">\n\t\t\t<div class=\"elementor-widget-wrap elementor-element-populated\">\n\t\t\t\t\t\t<div class=\"elementor-element elementor-element-800b278 elementor-widget elementor-widget-heading\" data-id=\"800b278\" data-element_type=\"widget\" data-widget_type=\"heading.default\">\n\t\t\t\t<div class=\"elementor-widget-container\">\n\t\t\t<h2 class=\"elementor-heading-title elementor-size-default\">Consultorio<\/h2>\t\t<\/div>\n\t\t\t\t<\/div>\n\t\t\t\t<div class=\"elementor-element elementor-element-29bde17 elementor-view-stacked elementor-shape-circle elementor-widget elementor-widget-icon\" data-id=\"29bde17\" data-element_type=\"widget\" data-widget_type=\"icon.default\">\n\t\t\t\t<div class=\"elementor-widget-container\">\n\t\t\t\t\t<div class=\"elementor-icon-wrapper\">\n\t\t\t<div class=\"elementor-icon\">\n\t\t\t<svg aria-hidden=\"true\" class=\"e-font-icon-svg e-fas-hospital-alt\" viewBox=\"0 0 576 512\" xmlns=\"http:\/\/www.w3.org\/2000\/svg\"><path d=\"M544 96H416V32c0-17.7-14.3-32-32-32H192c-17.7 0-32 14.3-32 32v64H32c-17.7 0-32 14.3-32 32v368c0 8.8 7.2 16 16 16h544c8.8 0 16-7.2 16-16V128c0-17.7-14.3-32-32-32zM160 436c0 6.6-5.4 12-12 12h-40c-6.6 0-12-5.4-12-12v-40c0-6.6 5.4-12 12-12h40c6.6 0 12 5.4 12 12v40zm0-128c0 6.6-5.4 12-12 12h-40c-6.6 0-12-5.4-12-12v-40c0-6.6 5.4-12 12-12h40c6.6 0 12 5.4 12 12v40zm160 128c0 6.6-5.4 12-12 12h-40c-6.6 0-12-5.4-12-12v-40c0-6.6 5.4-12 12-12h40c6.6 0 12 5.4 12 12v40zm0-128c0 6.6-5.4 12-12 12h-40c-6.6 0-12-5.4-12-12v-40c0-6.6 5.4-12 12-12h40c6.6 0 12 5.4 12 12v40zm16-170c0 3.3-2.7 6-6 6h-26v26c0 3.3-2.7 6-6 6h-20c-3.3 0-6-2.7-6-6v-26h-26c-3.3 0-6-2.7-6-6v-20c0-3.3 2.7-6 6-6h26V86c0-3.3 2.7-6 6-6h20c3.3 0 6 2.7 6 6v26h26c3.3 0 6 2.7 6 6v20zm144 298c0 6.6-5.4 12-12 12h-40c-6.6 0-12-5.4-12-12v-40c0-6.6 5.4-12 12-12h40c6.6 0 12 5.4 12 12v40zm0-128c0 6.6-5.4 12-12 12h-40c-6.6 0-12-5.4-12-12v-40c0-6.6 5.4-12 12-12h40c6.6 0 12 5.4 12 12v40z\"><\/path><\/svg>\t\t\t<\/div>\n\t\t<\/div>\n\t\t\t\t<\/div>\n\t\t\t\t<\/div>\n\t\t\t\t<div class=\"elementor-element elementor-element-c417cd5 elementor-widget elementor-widget-heading\" data-id=\"c417cd5\" data-element_type=\"widget\" data-widget_type=\"heading.default\">\n\t\t\t\t<div class=\"elementor-widget-container\">\n\t\t\t<p class=\"elementor-heading-title elementor-size-default\">P.H. Royal Center, C. 53 Este, Panama City, Panam\u00e1.<br><br>\n<b>Tel. Consultorio:<\/b><br>\n+507 340-9904<br>\n+507 340-9939 (ext 1000)<br>\n+507 340-9940 (ext 1041) <br><\/p>\t\t<\/div>\n\t\t\t\t<\/div>\n\t\t\t\t\t<\/div>\n\t\t<\/div>\n\t\t\t\t\t<\/div>\n\t\t<\/section>\n\t\t\t\t\t<\/div>\n\t\t<\/div>\n\t\t\t\t<div class=\"elementor-column elementor-col-50 elementor-top-column elementor-element elementor-element-f18104b\" data-id=\"f18104b\" data-element_type=\"column\">\n\t\t\t<div class=\"elementor-widget-wrap elementor-element-populated\">\n\t\t\t\t\t\t<section class=\"elementor-section elementor-inner-section elementor-element elementor-element-d8e17c3 elementor-section-boxed elementor-section-height-default elementor-section-height-default\" data-id=\"d8e17c3\" data-element_type=\"section\">\n\t\t\t\t\t\t<div class=\"elementor-container elementor-column-gap-default\">\n\t\t\t\t\t<div class=\"elementor-column elementor-col-100 elementor-inner-column elementor-element elementor-element-9ee7a68\" data-id=\"9ee7a68\" data-element_type=\"column\">\n\t\t\t<div class=\"elementor-widget-wrap elementor-element-populated\">\n\t\t\t\t\t\t<div class=\"elementor-element elementor-element-0fc58c9 elementor-view-stacked elementor-shape-circle elementor-widget elementor-widget-icon\" data-id=\"0fc58c9\" data-element_type=\"widget\" data-widget_type=\"icon.default\">\n\t\t\t\t<div class=\"elementor-widget-container\">\n\t\t\t\t\t<div class=\"elementor-icon-wrapper\">\n\t\t\t<div class=\"elementor-icon\">\n\t\t\t<svg aria-hidden=\"true\" class=\"e-font-icon-svg e-fas-user\" viewBox=\"0 0 448 512\" xmlns=\"http:\/\/www.w3.org\/2000\/svg\"><path d=\"M224 256c70.7 0 128-57.3 128-128S294.7 0 224 0 96 57.3 96 128s57.3 128 128 128zm89.6 32h-16.7c-22.2 10.2-46.9 16-72.9 16s-50.6-5.8-72.9-16h-16.7C60.2 288 0 348.2 0 422.4V464c0 26.5 21.5 48 48 48h352c26.5 0 48-21.5 48-48v-41.6c0-74.2-60.2-134.4-134.4-134.4z\"><\/path><\/svg>\t\t\t<\/div>\n\t\t<\/div>\n\t\t\t\t<\/div>\n\t\t\t\t<\/div>\n\t\t\t\t<div class=\"elementor-element elementor-element-3d9c5d5 elementor-widget elementor-widget-heading\" data-id=\"3d9c5d5\" data-element_type=\"widget\" data-widget_type=\"heading.default\">\n\t\t\t\t<div class=\"elementor-widget-container\">\n\t\t\t<h2 class=\"elementor-heading-title elementor-size-default\">Contacto<\/h2>\t\t<\/div>\n\t\t\t\t<\/div>\n\t\t\t\t<div class=\"elementor-element elementor-element-d518b3c elementor-widget elementor-widget-heading\" data-id=\"d518b3c\" data-element_type=\"widget\" data-widget_type=\"heading.default\">\n\t\t\t\t<div class=\"elementor-widget-container\">\n\t\t\t<p class=\"elementor-heading-title elementor-size-small\"><b>Dr. Jos\u00e9 \u00c1ngel Perez<\/b><br>\n+507 6642-0292<br><br><\/p>\t\t<\/div>\n\t\t\t\t<\/div>\n\t\t\t\t\t<\/div>\n\t\t<\/div>\n\t\t\t\t\t<\/div>\n\t\t<\/section>\n\t\t\t\t\t<\/div>\n\t\t<\/div>\n\t\t\t\t\t<\/div>\n\t\t<\/section>\n\t\t\t\t<\/div>\n\t\t","protected":false},"excerpt":{"rendered":"<p>Por favor, no dudes en llamarnos o completar el formulario a continuaci\u00f3n. Nos comunicaremos contigo en breve. \u00a1Gracias!&#8221; \u00bfC\u00f3mo Podemos Ayudarte? Consultorio P.H. Royal Center, C. 53 Este, Panama City, Panam\u00e1. Tel. Consultorio: +507 340-9904 +507 340-9939 (ext 1000) +507 340-9940 (ext 1041) Contacto Dr. Jos\u00e9 \u00c1ngel Perez +507 6642-0292<\/p>\n","protected":false},"author":1,"featured_media":0,"parent":0,"menu_order":0,"comment_status":"closed","ping_status":"closed","template":"elementor_header_footer","meta":{"footnotes":""},"_links":{"self":[{"href":"https:\/\/gastropanama.net\/index.php?rest_route=\/wp\/v2\/pages\/9427"}],"collection":[{"href":"https:\/\/gastropanama.net\/index.php?rest_route=\/wp\/v2\/pages"}],"about":[{"href":"https:\/\/gastropanama.net\/index.php?rest_route=\/wp\/v2\/types\/page"}],"author":[{"embeddable":true,"href":"https:\/\/gastropanama.net\/index.php?rest_route=\/wp\/v2\/users\/1"}],"replies":[{"embeddable":true,"href":"https:\/\/gastropanama.net\/index.php?rest_route=%2Fwp%2Fv2%2Fcomments&post=9427"}],"version-history":[{"count":18,"href":"https:\/\/gastropanama.net\/index.php?rest_route=\/wp\/v2\/pages\/9427\/revisions"}],"predecessor-version":[{"id":10939,"href":"https:\/\/gastropanama.net\/index.php?rest_route=\/wp\/v2\/pages\/9427\/revisions\/10939"}],"wp:attachment":[{"href":"https:\/\/gastropanama.net\/index.php?rest_route=%2Fwp%2Fv2%2Fmedia&parent=9427"}],"curies":[{"name":"wp","href":"https:\/\/api.w.org\/{rel}","templated":true}]}}